{"id":2680,"date":"2014-06-13T12:59:54","date_gmt":"2014-06-13T11:59:54","guid":{"rendered":"https:\/\/genevievefargetton.fr\/?page_id=2680"},"modified":"2023-03-08T21:43:39","modified_gmt":"2023-03-08T19:43:39","slug":"mentions-legales","status":"publish","type":"page","link":"https:\/\/genevievefargetton.fr\/?page_id=2680","title":{"rendered":"Mentions l\u00e9gales"},"content":{"rendered":"\n<p style=\"font-style:normal;font-weight:100\"><span class=\"texteparagraphe\">Tous les \u00e9l\u00e9ments du site https:\/\/genevievfargetton.fr sont et restent la propri\u00e9t\u00e9 intellectuelle et exclusive de la soci\u00e9t\u00e9 Madame Genevi\u00e8ve Fargetton. Nul n&rsquo;est autoris\u00e9 \u00e0 reproduire, exploiter, rediffuser, ou utiliser \u00e0 quelque titre que ce soit, m\u00eame partiellement, des \u00e9l\u00e9ments du site. Les textes, photos, images, dessins et sons du site sont prot\u00e9g\u00e9s par le droit d&rsquo;auteur. Toute reproduction est donc strictement interdite. Beaucoup de ces images sont disponibles \u00e0 la vente, merci de contacter l&rsquo;auteur Genevi\u00e8ve Fargetton par email ou par t\u00e9l\u00e9phone.<\/span><\/p>\n","protected":false},"excerpt":{"rendered":"<p>Tous les \u00e9l\u00e9ments du site https:\/\/genevievfargetton.fr sont et restent la propri\u00e9t\u00e9 intellectuelle et exclusive de la soci\u00e9t\u00e9 Madame Genevi\u00e8ve Fargetton. Nul n&rsquo;est autoris\u00e9 \u00e0 reproduire, exploiter, rediffuser, ou utiliser \u00e0 quelque titre que ce soit, m\u00eame partiellement, des \u00e9l\u00e9ments du site. Les textes, photos, images, dessins et sons du site sont prot\u00e9g\u00e9s par le droit [&hellip;]<\/p>\n","protected":false},"author":2,"featured_media":0,"parent":0,"menu_order":0,"comment_status":"closed","ping_status":"open","template":"","meta":{"footnotes":""},"class_list":["post-2680","page","type-page","status-publish","hentry"],"_links":{"self":[{"href":"https:\/\/genevievefargetton.fr\/index.php?rest_route=\/wp\/v2\/pages\/2680","targetHints":{"allow":["GET"]}}],"collection":[{"href":"https:\/\/genevievefargetton.fr\/index.php?rest_route=\/wp\/v2\/pages"}],"about":[{"href":"https:\/\/genevievefargetton.fr\/index.php?rest_route=\/wp\/v2\/types\/page"}],"author":[{"embeddable":true,"href":"https:\/\/genevievefargetton.fr\/index.php?rest_route=\/wp\/v2\/users\/2"}],"replies":[{"embeddable":true,"href":"https:\/\/genevievefargetton.fr\/index.php?rest_route=%2Fwp%2Fv2%2Fcomments&post=2680"}],"version-history":[{"count":0,"href":"https:\/\/genevievefargetton.fr\/index.php?rest_route=\/wp\/v2\/pages\/2680\/revisions"}],"wp:attachment":[{"href":"https:\/\/genevievefargetton.fr\/index.php?rest_route=%2Fwp%2Fv2%2Fmedia&parent=2680"}],"curies":[{"name":"wp","href":"https:\/\/api.w.org\/{rel}","templated":true}]}}