{"id":3838,"date":"2020-12-26T10:51:03","date_gmt":"2020-12-26T08:51:03","guid":{"rendered":"https:\/\/genevievefargetton.fr\/?page_id=3838"},"modified":"2025-11-26T15:14:30","modified_gmt":"2025-11-26T14:14:30","slug":"creations-disponibles","status":"publish","type":"page","link":"https:\/\/genevievefargetton.fr\/","title":{"rendered":""},"content":{"rendered":"\n<p class=\"has-text-align-left\" style=\"font-style:normal;font-weight:100\">Vous \u00eates sur le site de vente en ligne de Genevi\u00e8ve Fargetton.<\/p>\n\n\n\n<p class=\"has-text-align-left\" style=\"margin-top:var(--wp--preset--spacing--30);margin-bottom:var(--wp--preset--spacing--30);font-style:normal;font-weight:100\"><\/p>\n\n\n\n<figure class=\"wp-block-gallery has-nested-images columns-4 is-cropped wp-block-gallery-1 is-layout-flex wp-block-gallery-is-layout-flex\">\n<figure class=\"wp-block-image size-medium\"><a href=\" https:\/\/genevievefargetton.fr\/?product=maison-silencieuse-01\"><img loading=\"lazy\" decoding=\"async\" width=\"240\" height=\"300\" data-id=\"4916\" src=\"https:\/\/genevievefargetton.fr\/wp-content\/uploads\/Uchi02-40x50-1-240x300.jpg\" alt=\"\" class=\"wp-image-4916\" srcset=\"https:\/\/genevievefargetton.fr\/wp-content\/uploads\/Uchi02-40x50-1-240x300.jpg 240w, https:\/\/genevievefargetton.fr\/wp-content\/uploads\/Uchi02-40x50-1-819x1024.jpg 819w, https:\/\/genevievefargetton.fr\/wp-content\/uploads\/Uchi02-40x50-1-160x200.jpg 160w, https:\/\/genevievefargetton.fr\/wp-content\/uploads\/Uchi02-40x50-1-768x960.jpg 768w, https:\/\/genevievefargetton.fr\/wp-content\/uploads\/Uchi02-40x50-1-1229x1536.jpg 1229w, https:\/\/genevievefargetton.fr\/wp-content\/uploads\/Uchi02-40x50-1-1638x2048.jpg 1638w, https:\/\/genevievefargetton.fr\/wp-content\/uploads\/Uchi02-40x50-1-600x750.jpg 600w, https:\/\/genevievefargetton.fr\/wp-content\/uploads\/Uchi02-40x50-1-scaled.jpg 2048w\" sizes=\"auto, (max-width: 240px) 100vw, 240px\" \/><\/a><\/figure>\n\n\n\n<figure class=\"wp-block-image size-medium\"><a href=\"https:\/\/genevievefargetton.fr\/?product_cat=oiseaux\"><img loading=\"lazy\" decoding=\"async\" width=\"225\" height=\"300\" data-id=\"4635\" src=\"https:\/\/genevievefargetton.fr\/wp-content\/uploads\/IMG_7452-225x300.jpg\" alt=\"Oiseau compagnon 69\" class=\"wp-image-4635\" srcset=\"https:\/\/genevievefargetton.fr\/wp-content\/uploads\/IMG_7452-225x300.jpg 225w, https:\/\/genevievefargetton.fr\/wp-content\/uploads\/IMG_7452-600x800.jpg 600w, https:\/\/genevievefargetton.fr\/wp-content\/uploads\/IMG_7452-768x1024.jpg 768w, https:\/\/genevievefargetton.fr\/wp-content\/uploads\/IMG_7452-150x200.jpg 150w, https:\/\/genevievefargetton.fr\/wp-content\/uploads\/IMG_7452-1152x1536.jpg 1152w, https:\/\/genevievefargetton.fr\/wp-content\/uploads\/IMG_7452.jpg 1512w\" sizes=\"auto, (max-width: 225px) 100vw, 225px\" \/><\/a><\/figure>\n\n\n\n<figure class=\"wp-block-image size-medium\"><a href=\"https:\/\/genevievefargetton.fr\/?product_cat=micro-edition\"><img loading=\"lazy\" decoding=\"async\" width=\"300\" height=\"300\" data-id=\"3736\" src=\"https:\/\/genevievefargetton.fr\/wp-content\/uploads\/AlberPhCouv-300x300.jpg\" alt=\"\" class=\"wp-image-3736\" srcset=\"https:\/\/genevievefargetton.fr\/wp-content\/uploads\/AlberPhCouv-300x300.jpg 300w, https:\/\/genevievefargetton.fr\/wp-content\/uploads\/AlberPhCouv-450x450.jpg 450w, https:\/\/genevievefargetton.fr\/wp-content\/uploads\/AlberPhCouv-100x100.jpg 100w, https:\/\/genevievefargetton.fr\/wp-content\/uploads\/AlberPhCouv-600x600.jpg 600w, https:\/\/genevievefargetton.fr\/wp-content\/uploads\/AlberPhCouv-1023x1024.jpg 1023w, https:\/\/genevievefargetton.fr\/wp-content\/uploads\/AlberPhCouv-200x200.jpg 200w, https:\/\/genevievefargetton.fr\/wp-content\/uploads\/AlberPhCouv-768x768.jpg 768w, https:\/\/genevievefargetton.fr\/wp-content\/uploads\/AlberPhCouv-1536x1536.jpg 1536w, https:\/\/genevievefargetton.fr\/wp-content\/uploads\/AlberPhCouv-50x50.jpg 50w, https:\/\/genevievefargetton.fr\/wp-content\/uploads\/AlberPhCouv.jpg 2016w\" sizes=\"auto, (max-width: 300px) 100vw, 300px\" \/><\/a><\/figure>\n<\/figure>\n\n\n\n<p class=\"has-text-align-left\" style=\"padding-top:var(--wp--preset--spacing--30);font-style:normal;font-weight:100\">Pour information, l&rsquo;exp\u00e9dition du livre est gratuite; pour les autres cr\u00e9ations, le forfait d&rsquo;exp\u00e9dition en France est de 10\u20ac.<\/p>\n\n\n\n<p class=\"has-text-align-left\" style=\"padding-top:0;font-style:normal;font-weight:100\">Les peintures sont visibles \u00e0 l&rsquo;atelier situ\u00e9 2 Impasse Jeanne &#8211; Le Mourillon &#8211; 83000 Toulon.<\/p>\n\n\n\n<p class=\"has-text-align-center\"><a href=\"https:\/\/genevievefargetton.com\" target=\"_blank\" rel=\"noreferrer noopener\"><\/a><\/p>\n\n\n\n<p style=\"padding-top:var(--wp--preset--spacing--30);padding-right:var(--wp--preset--spacing--30);padding-bottom:var(--wp--preset--spacing--30);padding-left:var(--wp--preset--spacing--30)\"><\/p>\n","protected":false},"excerpt":{"rendered":"<p>Vous \u00eates sur le site de vente en ligne de Genevi\u00e8ve Fargetton. Pour information, l&rsquo;exp\u00e9dition du livre est gratuite; pour les autres cr\u00e9ations, le forfait d&rsquo;exp\u00e9dition en France est de 10\u20ac. Les peintures sont visibles \u00e0 l&rsquo;atelier situ\u00e9 2 Impasse Jeanne &#8211; Le Mourillon &#8211; 83000 Toulon.<\/p>\n","protected":false},"author":2,"featured_media":0,"parent":0,"menu_order":0,"comment_status":"closed","ping_status":"closed","template":"","meta":{"footnotes":""},"class_list":["post-3838","page","type-page","status-publish","hentry"],"_links":{"self":[{"href":"https:\/\/genevievefargetton.fr\/index.php?rest_route=\/wp\/v2\/pages\/3838","targetHints":{"allow":["GET"]}}],"collection":[{"href":"https:\/\/genevievefargetton.fr\/index.php?rest_route=\/wp\/v2\/pages"}],"about":[{"href":"https:\/\/genevievefargetton.fr\/index.php?rest_route=\/wp\/v2\/types\/page"}],"author":[{"embeddable":true,"href":"https:\/\/genevievefargetton.fr\/index.php?rest_route=\/wp\/v2\/users\/2"}],"replies":[{"embeddable":true,"href":"https:\/\/genevievefargetton.fr\/index.php?rest_route=%2Fwp%2Fv2%2Fcomments&post=3838"}],"version-history":[{"count":43,"href":"https:\/\/genevievefargetton.fr\/index.php?rest_route=\/wp\/v2\/pages\/3838\/revisions"}],"predecessor-version":[{"id":4922,"href":"https:\/\/genevievefargetton.fr\/index.php?rest_route=\/wp\/v2\/pages\/3838\/revisions\/4922"}],"wp:attachment":[{"href":"https:\/\/genevievefargetton.fr\/index.php?rest_route=%2Fwp%2Fv2%2Fmedia&parent=3838"}],"curies":[{"name":"wp","href":"https:\/\/api.w.org\/{rel}","templated":true}]}}