{"id":4179,"date":"2021-02-12T00:04:44","date_gmt":"2021-02-11T22:04:44","guid":{"rendered":"https:\/\/genevievefargetton.fr\/?page_id=4179"},"modified":"2023-03-08T21:40:49","modified_gmt":"2023-03-08T19:40:49","slug":"politique-de-confidentialite","status":"publish","type":"page","link":"https:\/\/genevievefargetton.fr\/?page_id=4179","title":{"rendered":"Politique de confidentialit\u00e9"},"content":{"rendered":"\n<h2 class=\"has-medium-font-size wp-block-heading\" style=\"font-style:normal;font-weight:400\">Qui sommes-nous&nbsp;?<\/h2>\n\n\n\n<p class=\"has-small-font-size\" style=\"font-style:normal;font-weight:100\">L\u2019adresse de notre site est&nbsp;: https:\/\/genevievefargetton.fr. C&rsquo;est le site de vente en ligne du site principal de Genevi\u00e8ve Fargetton : https:\/\/genevievefargetton.com.<\/p>\n\n\n\n<h2 class=\"has-medium-font-size wp-block-heading\" style=\"padding-top:var(--wp--preset--spacing--30);font-style:normal;font-weight:400\">Utilisation des donn\u00e9es personnelles collect\u00e9es<\/h2>\n\n\n\n<p class=\"has-small-font-size\" id=\"block-fa27c5ee-575c-47a6-b9db-fe54270fa789\" style=\"font-style:normal;font-weight:100\">La soci\u00e9t\u00e9 Madame Genevi\u00e8ve Fargetton se r\u00e9serve le droit de collecter les informations nominatives et les donn\u00e9es personnelles vous concernant. Elles sont n\u00e9cessaires \u00e0 la gestion de votre commande, ainsi qu&rsquo;\u00e0 l&rsquo;am\u00e9lioration des services et des informations que nous vous adressons. &nbsp;<\/p>\n\n\n\n<p class=\"has-small-font-size\" id=\"block-141bb135-b734-4916-b455-e773218c8bd7\" style=\"font-style:normal;font-weight:100\">Elles peuvent aussi \u00eatre transmises aux soci\u00e9t\u00e9s qui contribuent \u00e0 ces relations, telles que celles charg\u00e9es de l&rsquo;ex\u00e9cution des services et commandes pour leur gestion, ex\u00e9cution, traitement et paiement. &nbsp;<\/p>\n\n\n\n<p class=\"has-small-font-size\" id=\"block-ea7d55cc-a5f7-4642-a47f-3026e4bc4b67\" style=\"font-style:normal;font-weight:100\">Ces informations et donn\u00e9es sont \u00e9galement conserv\u00e9es \u00e0 des fins de s\u00e9curit\u00e9, afin de respecter les obligations l\u00e9gales et r\u00e9glementaires. &nbsp;<\/p>\n\n\n\n<p class=\"has-small-font-size\" id=\"block-009af4ce-8a70-45d7-ad28-e5cc682d3f60\" style=\"font-style:normal;font-weight:100\">Conform\u00e9ment \u00e0 la loi du 6 janvier 1978, vous disposez d&rsquo;un droit d&rsquo;acc\u00e8s, de rectification et d&rsquo;opposition aux informations nominatives et aux donn\u00e9es personnelles vous concernant, directement sur le site Internet.&nbsp;<\/p>\n\n\n\n<h2 class=\"has-medium-font-size wp-block-heading\" style=\"padding-top:var(--wp--preset--spacing--30);padding-right:0;padding-bottom:0;padding-left:0;font-style:normal;font-weight:400\">Informations de contact<\/h2>\n\n\n\n<p class=\"has-small-font-size\" style=\"font-style:normal;font-weight:100\">Genevi\u00e8ve Fargetton Email : genevievefa83@gmail.com<\/p>\n","protected":false},"excerpt":{"rendered":"<p>Qui sommes-nous&nbsp;? L\u2019adresse de notre site est&nbsp;: https:\/\/genevievefargetton.fr. C&rsquo;est le site de vente en ligne du site principal de Genevi\u00e8ve Fargetton : https:\/\/genevievefargetton.com. Utilisation des donn\u00e9es personnelles collect\u00e9es La soci\u00e9t\u00e9 Madame Genevi\u00e8ve Fargetton se r\u00e9serve le droit de collecter les informations nominatives et les donn\u00e9es personnelles vous concernant. Elles sont n\u00e9cessaires \u00e0 la gestion de [&hellip;]<\/p>\n","protected":false},"author":2,"featured_media":0,"parent":0,"menu_order":0,"comment_status":"closed","ping_status":"closed","template":"","meta":{"footnotes":""},"class_list":["post-4179","page","type-page","status-publish","hentry"],"_links":{"self":[{"href":"https:\/\/genevievefargetton.fr\/index.php?rest_route=\/wp\/v2\/pages\/4179","targetHints":{"allow":["GET"]}}],"collection":[{"href":"https:\/\/genevievefargetton.fr\/index.php?rest_route=\/wp\/v2\/pages"}],"about":[{"href":"https:\/\/genevievefargetton.fr\/index.php?rest_route=\/wp\/v2\/types\/page"}],"author":[{"embeddable":true,"href":"https:\/\/genevievefargetton.fr\/index.php?rest_route=\/wp\/v2\/users\/2"}],"replies":[{"embeddable":true,"href":"https:\/\/genevievefargetton.fr\/index.php?rest_route=%2Fwp%2Fv2%2Fcomments&post=4179"}],"version-history":[{"count":0,"href":"https:\/\/genevievefargetton.fr\/index.php?rest_route=\/wp\/v2\/pages\/4179\/revisions"}],"wp:attachment":[{"href":"https:\/\/genevievefargetton.fr\/index.php?rest_route=%2Fwp%2Fv2%2Fmedia&parent=4179"}],"curies":[{"name":"wp","href":"https:\/\/api.w.org\/{rel}","templated":true}]}}